{"id":1056,"date":"2023-06-05T01:17:00","date_gmt":"2023-06-05T01:17:00","guid":{"rendered":"https:\/\/proxygeo.com\/blog\/?page_id=1056"},"modified":"2023-11-08T08:50:14","modified_gmt":"2023-11-08T08:50:14","slug":"dieu-khoan-su-dung","status":"publish","type":"page","link":"https:\/\/proxygeo.com\/blog\/vi\/dieu-khoan-su-dung\/","title":{"rendered":"\u0110i\u1ec1u kho\u1ea3n s\u1eed d\u1ee5ng"},"content":{"rendered":"<h2><strong>\u0110I\u1ec0U KHO\u1ea2N S\u1eec D\u1ee4NG &#8211; PROXYGEO<\/strong><\/h2>\n<p>Ch\u00e0o m\u1eebng \u0111\u1ebfn v\u1edbi \u0111i\u1ec1u kho\u1ea3n d\u1ecbch v\u1ee5 c\u1ee7a proxygeo. Ch\u00fang t\u00f4i c\u00f3 quy\u1ec1n s\u1eeda \u0111\u1ed5i c\u00e1c \u0111i\u1ec1u kho\u1ea3n d\u1ecbch v\u1ee5 n\u00e0y m\u00e0 kh\u00f4ng c\u1ea7n th\u00f4ng b\u00e1o tr\u01b0\u1edbc. Vui l\u00f2ng xem c\u00e1c \u0111i\u1ec1u kho\u1ea3n \u0111\u01b0\u1ee3c c\u1eadp nh\u1eadt m\u1edbi nh\u1ea5t \u1edf cu\u1ed1i trang ch\u1ee7 v\u00e0 \u0111\u1ecdc k\u1ef9 \u0110i\u1ec1u kho\u1ea3n s\u1eed d\u1ee5ng tr\u01b0\u1edbc khi \u0111\u1eb7t h\u00e0ng \u0111\u1ec3 tr\u00e1nh m\u00e2u thu\u1eabn l\u1ee3i \u00edch v\u1ec1 sau. Khi \u0111\u1eb7t h\u00e0ng v\u1edbi Proxygeo, b\u1ea1n \u0111\u1ed3ng \u00fd ch\u1ea5p nh\u1eadn t\u1ea5t c\u1ea3 c\u00e1c \u0111i\u1ec1u kho\u1ea3n d\u1ecbch v\u1ee5 d\u01b0\u1edbi \u0111\u00e2y:<\/p>\n<div class=\"accordion\">\n<div id=\"accordion-3541687660\" class=\"accordion-item\"><a id=\"accordion-3541687660-label\" href=\"#\" class=\"accordion-title plain\" aria-expanded=\"false\" aria-controls=\"accordion-3541687660-content\"><button class=\"toggle\" aria-label=\"Toggle\"><i class=\"icon-angle-down\"><\/i><\/button><span>Tr\u00e1ch nhi\u1ec7m v\u00e0 quy\u1ec1n h\u1ea1n c\u1ee7a B\u00ean Mua<\/span><\/a><div id=\"accordion-3541687660-content\" class=\"accordion-inner\" aria-labelledby=\"accordion-3541687660-label\">\n<ol>\n<li>Kh\u00f4ng s\u1eed d\u1ee5ng proxy v\u00e0 m\u00e1y ch\u1ee7 cho c\u00e1c m\u1ee5c \u0111\u00edch b\u1ea5t h\u1ee3p ph\u00e1p. \u0110\u1ed1i v\u1edbi b\u1ea5t k\u1ef3 h\u00e0nh vi vi ph\u1ea1m n\u00e0o b\u1ecb ph\u00e1t hi\u1ec7n, ch\u00fang t\u00f4i s\u1ebd ng\u1eebng cung c\u1ea5p d\u1ecbch v\u1ee5 v\u00e0 kh\u00f3a t\u00e0i kho\u1ea3n ngay l\u1eadp t\u1ee9c.<\/li>\n<li>Kh\u00f4ng h\u1ee7y \u0111\u01a1n h\u00e0ng n\u1ebfu Qu\u00fd kh\u00e1ch h\u00e0ng thay \u0111\u1ed5i \u00fd \u0111\u1ecbnh trong v\u00e0 sau khi s\u1eed d\u1ee5ng d\u1ecbch v\u1ee5. Theo \u0111\u00f3, m\u1ecdi y\u00eau c\u1ea7u ho\u00e0n ti\u1ec1n v\u1ec1 sau kh\u00f4ng \u0111\u01b0\u1ee3c ch\u1ea5p nh\u1eadn.<\/li>\n<li>C\u00f3 quy\u1ec1n y\u00eau c\u1ea7u thay th\u1ebf proxy ho\u1eb7c m\u00e1y ch\u1ee7 trong tr\u01b0\u1eddng h\u1ee3p b\u1ecb l\u1ed7i ho\u1eb7c kh\u00f4ng th\u1ec3 k\u1ebft n\u1ed1i.\u00a0<\/li>\n<\/ol>\n<\/div><\/div>\n<div id=\"accordion-1451022078\" class=\"accordion-item\"><a id=\"accordion-1451022078-label\" href=\"#\" class=\"accordion-title plain\" aria-expanded=\"false\" aria-controls=\"accordion-1451022078-content\"><button class=\"toggle\" aria-label=\"Toggle\"><i class=\"icon-angle-down\"><\/i><\/button><span>Tr\u00e1ch nhi\u1ec7m v\u00e0 quy\u1ec1n h\u1ea1n c\u1ee7a B\u00ean B\u00e1n<\/span><\/a><div id=\"accordion-1451022078-content\" class=\"accordion-inner\" aria-labelledby=\"accordion-1451022078-label\">\n<ol>\n<li>Cung c\u1ea5p ngu\u1ed3n proxy theo \u0111\u00fang m\u00f4 t\u1ea3 c\u1ee7a t\u1eebng lo\u1ea1i proxy, \u0111\u1ea3m b\u1ea3o proxy c\u00f3 th\u1ec3 k\u1ebft n\u1ed1i internet, duy tr\u00ec t\u1ed1c \u0111\u1ed9 v\u00e0 b\u0103ng th\u00f4ng. Ch\u00fang t\u00f4i c\u0169ng cam k\u1ebft v\u00e0 \u0111\u1ea3m b\u1ea3o r\u1eb1ng m\u00e1y ch\u1ee7 ho\u1ea1t \u0111\u1ed9ng ph\u00f9 h\u1ee3p v\u1edbi c\u1ea5u h\u00ecnh \u0111\u00e3 mua.<\/li>\n<li>Ch\u00fang t\u00f4i xem tr\u1ecdng quy\u1ec1n ri\u00eang t\u01b0 c\u1ee7a qu\u00fd kh\u00e1ch h\u00e0ng v\u00e0 m\u1ecdi th\u00f4ng tin c\u00e1 nh\u00e2n lu\u00f4n \u0111\u01b0\u1ee3c b\u1ea3o m\u1eadt theo quy \u0111\u1ecbnh.<\/li>\n<\/ol>\n<\/div><\/div>\n<div id=\"accordion-2056653714\" class=\"accordion-item\"><a id=\"accordion-2056653714-label\" href=\"#\" class=\"accordion-title plain\" aria-expanded=\"false\" aria-controls=\"accordion-2056653714-content\"><button class=\"toggle\" aria-label=\"Toggle\"><i class=\"icon-angle-down\"><\/i><\/button><span>\u0110i\u1ec1u kho\u1ea3n Kh\u00f4ng Cam \u0110oan v\u00e0 \u0110\u1ea3m b\u1ea3o<\/span><\/a><div id=\"accordion-2056653714-content\" class=\"accordion-inner\" aria-labelledby=\"accordion-2056653714-label\">\n<p>D\u1ecbch v\u1ee5 \u0111\u01b0\u1ee3c cung c\u1ea5p theo hi\u1ec7n tr\u1ea1ng v\u00e0 tr\u00ean c\u01a1 s\u1edf s\u1eb5n c\u00f3. Ch\u00fang t\u00f4i \u0111\u1ea3m b\u1ea3o v\u1ec1 kh\u1ea3 n\u0103ng k\u1ebft n\u1ed1i internet c\u1ee7a proxy v\u00e0 kh\u1ea3 n\u0103ng ho\u1ea1t \u0111\u1ed9ng c\u1ee7a m\u00e1y ch\u1ee7 VPS c\u0169ng nh\u01b0 c\u00e1c t\u00ednh n\u0103ng ri\u00eang \u0111\u01b0\u1ee3c m\u00f4 t\u1ea3 tr\u00ean trang web. Tuy nhi\u00ean, ch\u00fang t\u00f4i kh\u00f4ng cam \u0111oan v\u1ec1 vi\u1ec7c s\u1eed d\u1ee5ng proxy theo m\u1ee5c \u0111\u00edch c\u1ee5 th\u1ec3. C\u00f3 ngh\u0129a l\u00e0, Qu\u00fd kh\u00e1ch h\u00e0ng s\u1ebd t\u1ef1 ch\u1ecbu tr\u00e1ch nhi\u1ec7m v\u1ec1 vi\u1ec7c s\u1eed d\u1ee5ng c\u00f4ng c\u1ee5 ho\u1eb7c ph\u1ea7n m\u1ec1m \u0111\u1ec3 \u0111\u0103ng k\u00fd t\u00e0i kho\u1ea3n tr\u00ean c\u00e1c n\u1ec1n t\u1ea3ng x\u00e3 h\u1ed9i nh\u01b0: Facebook, TikTok, Instagram, Youtube, vv. Ngo\u00e0i ra, b\u1ea1n c\u00f3 ngh\u0129a v\u1ee5 nghi\u00ean c\u1ee9u v\u1ec1 chi\u1ebfn d\u1ecbch marketing v\u00e0 t\u1ef1 ch\u1ecbu r\u1ee7i ro khi s\u1eed d\u1ee5ng d\u1ecbch v\u1ee5 proxy \u0111\u1ec3 t\u0103ng l\u01b0\u1ee3t xem, l\u01b0\u1ee3t th\u00edch, b\u00ecnh lu\u1eadn, v.v. tr\u00ean m\u1ea1ng x\u00e3 h\u1ed9i ho\u1eb7c b\u1ea5t k\u1ef3 h\u00e0nh \u0111\u1ed9ng n\u00e0o kh\u00e1c. Theo \u0111\u00f3, m\u1ecdi khi\u1ebfu n\u1ea1i sau \u0111\u00f3 \u0111\u1ec1u kh\u00f4ng c\u00f3 gi\u00e1 tr\u1ecb trong tr\u01b0\u1eddng h\u1ee3p n\u00e0y.<\/p>\n<\/div><\/div>\n<\/div>\n<div class=\"accordion\">\n<div id=\"accordion-801138732\" class=\"accordion-item\"><a id=\"accordion-801138732-label\" href=\"#\" class=\"accordion-title plain\" aria-expanded=\"false\" aria-controls=\"accordion-801138732-content\"><button class=\"toggle\" aria-label=\"Toggle\"><i class=\"icon-angle-down\"><\/i><\/button><span>\u0110i\u1ec1u kho\u1ea3n H\u1ea1n Ch\u1ebf \u0111\u1ed1i v\u1edbi kh\u00e1ch h\u00e0ng thu\u00ea m\u00e1y ch\u1ee7 VPS<\/span><\/a><div id=\"accordion-801138732-content\" class=\"accordion-inner\" aria-labelledby=\"accordion-801138732-label\">\n<p><span style=\"font-weight: 400;\">B\u1eb1ng c\u00e1ch s\u1eed d\u1ee5ng d\u1ecbch v\u1ee5 thu\u00ea m\u00e1y ch\u1ee7 c\u1ee7a ch\u00fang t\u00f4i, b\u1ea1n \u0111\u1ed3ng \u00fd kh\u00f4ng ho\u1eb7c h\u1ed7 tr\u1ee3 ng\u01b0\u1eddi kh\u00e1c th\u1ef1c hi\u1ec7n c\u00e1c h\u00e0nh \u0111\u1ed9ng b\u1ea5t h\u1ee3p ph\u00e1p. C\u1ee5 th\u1ec3 l\u00e0, b\u1ea1n s\u1ebd b\u1ecb \u0111\u00ecnh ch\u1ec9 s\u1eed d\u1ee5ng d\u1ecbch v\u1ee5 n\u1ebfu th\u1ef1c hi\u1ec7n nh\u1eefng h\u00e0nh vi sau:<\/span><\/p>\n<ul>\n<li style=\"font-weight: 400;\" aria-level=\"1\"><span style=\"font-weight: 400;\">l\u01b0u tr\u1eef n\u1ed9i dung nh\u1ea1y c\u1ea3m v\u00e0 h\u00e0nh vi b\u1ea1o l\u1ef1c c\u1ef1c \u0111oan;<\/span><\/li>\n<li style=\"font-weight: 400;\" aria-level=\"1\"><span style=\"font-weight: 400;\">g\u1eedi th\u00f4ng tin nh\u1eadn d\u1ea1ng ngu\u1ed3n b\u1ecb thay \u0111\u1ed5i, l\u1eeba \u0111\u1ea3o ho\u1eb7c kh\u00f4ng ch\u00ednh x\u00e1c;\u00a0<\/span><\/li>\n<li style=\"font-weight: 400;\" aria-level=\"1\"><span style=\"font-weight: 400;\">th\u0103m d\u00f2, qu\u00e9t ho\u1eb7c ki\u1ec3m tra l\u1ed7 h\u1ed5ng c\u1ee7a b\u1ea5t k\u1ef3 h\u1ec7 th\u1ed1ng ho\u1eb7c m\u1ea1ng n\u00e0o;<\/span><\/li>\n<li style=\"font-weight: 400;\" aria-level=\"1\"><span style=\"font-weight: 400;\">vi ph\u1ea1m ho\u1eb7c ph\u00e1 ho\u1ea1i b\u1ea5t k\u1ef3 bi\u1ec7n ph\u00e1p b\u1ea3o m\u1eadt ho\u1eb7c x\u00e1c th\u1ef1c n\u00e0o;<\/span><\/li>\n<li style=\"font-weight: 400;\" aria-level=\"1\"><span style=\"font-weight: 400;\">truy c\u1eadp, gi\u1ea3 m\u1ea1o ho\u1eb7c s\u1eed d\u1ee5ng c\u00e1c khu v\u1ef1c phi c\u00f4ng c\u1ed9ng ho\u1eb7c m\u1ed9t ph\u1ea7n c\u1ee7a d\u1ecbch v\u1ee5 ho\u1eb7c khu v\u1ef1c d\u00f9ng chung c\u1ee7a d\u1ecbch v\u1ee5 m\u00e0 b\u1ea1n kh\u00f4ng \u0111\u01b0\u1ee3c ph\u00e9p;<\/span><\/li>\n<li style=\"font-weight: 400;\" aria-level=\"1\"><span style=\"font-weight: 400;\">can thi\u1ec7p ho\u1eb7c l\u00e0m gi\u00e1n \u0111o\u1ea1n b\u1ea5t k\u1ef3 ng\u01b0\u1eddi d\u00f9ng, m\u00e1y ch\u1ee7 ho\u1eb7c m\u1ea1ng n\u00e0o, ch\u1eb3ng h\u1ea1n nh\u01b0 b\u1eb1ng c\u00e1ch g\u1eedi vi-r\u00fat, l\u00e0m qu\u00e1 t\u1ea3i, l\u00e0m ng\u1eadp ho\u1eb7c \u0111\u00e1nh bom mail;\u00a0<\/span><\/li>\n<li style=\"font-weight: 400;\" aria-level=\"1\"><span style=\"font-weight: 400;\">b\u00e1n ho\u1eb7c ph\u00e2n ph\u1ed1i tr\u00e1i ph\u00e9p c\u00e1c ph\u01b0\u01a1ng ti\u1ec7n c\u00f3 b\u1ea3n quy\u1ec1n;<\/span><\/li>\n<li style=\"font-weight: 400;\" aria-level=\"1\"><span style=\"font-weight: 400;\">vi ph\u1ea1m ph\u00e1p lu\u1eadt d\u01b0\u1edbi b\u1ea5t k\u1ef3 h\u00ecnh th\u1ee9c n\u00e0o, bao g\u1ed3m l\u01b0u tr\u1eef, xu\u1ea5t b\u1ea3n ho\u1eb7c chia s\u1ebb t\u00e0i li\u1ec7u l\u1eeba \u0111\u1ea3o, ph\u1ec9 b\u00e1ng ho\u1eb7c l\u1ec7ch l\u1ea1c; ho\u1eb7c vi ph\u1ea1m quy\u1ec1n ri\u00eang t\u01b0 ho\u1eb7c quy\u1ec1n c\u1ee7a ng\u01b0\u1eddi kh\u00e1c.<\/span><\/li>\n<\/ul>\n<\/div><\/div>\n<div id=\"accordion-1703257775\" class=\"accordion-item\"><a id=\"accordion-1703257775-label\" href=\"#\" class=\"accordion-title plain\" aria-expanded=\"false\" aria-controls=\"accordion-1703257775-content\"><button class=\"toggle\" aria-label=\"Toggle\"><i class=\"icon-angle-down\"><\/i><\/button><span>\u0110i\u1ec1u kho\u1ea3n s\u1eed d\u1ee5ng<\/span><\/a><div id=\"accordion-1703257775-content\" class=\"accordion-inner\" aria-labelledby=\"accordion-1703257775-label\">\n<p><span style=\"font-weight: 400;\">B\u1ea1n \u0111\u1ed3ng \u00fd ch\u1ecbu tr\u00e1ch nhi\u1ec7m ho\u00e0n to\u00e0n v\u1ec1 m\u1ecdi ho\u1ea1t \u0111\u1ed9ng s\u1eed d\u1ee5ng t\u00e0i kho\u1ea3n c\u1ee7a m\u00ecnh v\u00e0 v\u1ec1 m\u1ecdi h\u00e0nh \u0111\u1ed9ng di\u1ec5n ra th\u00f4ng qua t\u00e0i kho\u1ea3n c\u1ee7a b\u1ea1n. B\u1ea1n c\u00f3 tr\u00e1ch nhi\u1ec7m b\u1ea3o m\u1eadt m\u1eadt kh\u1ea9u v\u00e0 c\u00e1c th\u00f4ng tin li\u00ean quan kh\u00e1c.\u00a0<\/span><\/p>\n<\/div><\/div>\n<div id=\"accordion-1273059694\" class=\"accordion-item\"><a id=\"accordion-1273059694-label\" href=\"#\" class=\"accordion-title plain\" aria-expanded=\"false\" aria-controls=\"accordion-1273059694-content\"><button class=\"toggle\" aria-label=\"Toggle\"><i class=\"icon-angle-down\"><\/i><\/button><span>\u0110i\u1ec1u kho\u1ea3n thanh to\u00e1n<\/span><\/a><div id=\"accordion-1273059694-content\" class=\"accordion-inner\" aria-labelledby=\"accordion-1273059694-label\">\n<ul>\n<li><span style=\"font-weight: 400;\">\u0110\u1ec3 gi\u00fap b\u1ea3o v\u1ec7 th\u00f4ng tin c\u1ee7a ng\u01b0\u1eddi kh\u00e1c v\u00e0 ng\u0103n ch\u1eb7n h\u00e0nh vi l\u1eeba \u0111\u1ea3o c\u1ee7a kh\u00e1ch h\u00e0ng. N\u1ebfu vi\u1ec7c qu\u00e9t th\u1ebb t\u00edn d\u1ee5ng b\u1ecb ph\u00e1t hi\u1ec7n l\u00e0 gian l\u1eadn, proxygeo c\u00f3 th\u1ec3 y\u00eau c\u1ea7u b\u1ea1n cung c\u1ea5p b\u1ea3n sao th\u1ebb t\u00edn d\u1ee5ng \u0111\u00e3 \u0111\u01b0\u1ee3c x\u00e1c minh. N\u1ebfu b\u1ea1n cung c\u1ea5p b\u1eb1ng ch\u1ee9ng kh\u00f4ng h\u1ee3p l\u1ec7 ho\u1eb7c kh\u00f4ng \u0111\u00e1p \u1ee9ng \u0111\u01b0\u1ee3c y\u00eau c\u1ea7u, \u0111\u01a1n h\u00e0ng c\u1ee7a b\u1ea1n s\u1ebd b\u1ecb t\u1eeb ch\u1ed1i ngay c\u1ea3 khi thanh to\u00e1n th\u00e0nh c\u00f4ng.<\/span><\/li>\n<li>\n<p><span style=\"font-weight: 400;\">T\u1ea5t c\u1ea3 c\u00e1c th\u1ebb t\u00edn d\u1ee5ng \u0111\u01b0\u1ee3c t\u1ef1 \u0111\u1ed9ng gia h\u1ea1n thanh to\u00e1n h\u00e0ng th\u00e1ng. B\u1ea1n c\u00f3 tr\u00e1ch nhi\u1ec7m duy tr\u00ec s\u1ed1 d\u01b0 \u0111\u1ec3 chi tr\u1ea3 cho giao d\u1ecbch n\u00e0y. Trong tr\u01b0\u1eddng h\u1ee3p b\u1ea1n mu\u1ed1n h\u1ee7y gia h\u1ea1n, vui l\u00f2ng th\u00f4ng b\u00e1o cho ch\u00fang t\u00f4i tr\u01b0\u1edbc ng\u00e0y gia h\u1ea1n \u0111\u1ec3 tr\u00e1nh m\u1ecdi khi\u1ebfu n\u1ea1i v\u1ec1 sau.<\/span><\/p>\n<\/li>\n<li>\n<p><span style=\"font-weight: 400;\">N\u1ebfu b\u1ea1n cho r\u1eb1ng c\u00f3 l\u1ed7i trong h\u1ec7 th\u1ed1ng thanh to\u00e1n c\u1ee7a ch\u00fang t\u00f4i, b\u1ea1n ph\u1ea3i th\u00f4ng b\u00e1o cho ch\u00fang t\u00f4i trong v\u00f2ng 30 ng\u00e0y k\u1ec3 t\u1eeb ng\u00e0y thanh to\u00e1n. N\u1ebfu khi\u1ebfu n\u1ea1i c\u1ee7a b\u1ea1n \u0111\u01b0\u1ee3c cho l\u00e0 h\u1ee3p l\u1ec7, ch\u00fang t\u00f4i s\u1ebd x\u1eed l\u00fd n\u1ea1p ti\u1ec1n v\u00e0o t\u00e0i kho\u1ea3n c\u1ee7a b\u1ea1n v\u00e0o ng\u00e0y l\u00e0m vi\u1ec7c ti\u1ebfp theo v\u00e0 ch\u00fang t\u00f4i kh\u00f4ng ch\u1ecbu tr\u00e1ch nhi\u1ec7m gi\u1ea3i quy\u1ebft c\u00e1c khi\u1ebfu n\u1ea1i sau 30 ng\u00e0y.\u00a0<\/span><\/p>\n<\/li>\n<\/ul>\n<\/div><\/div>\n<div id=\"accordion-1552518705\" class=\"accordion-item\"><a id=\"accordion-1552518705-label\" href=\"#\" class=\"accordion-title plain\" aria-expanded=\"false\" aria-controls=\"accordion-1552518705-content\"><button class=\"toggle\" aria-label=\"Toggle\"><i class=\"icon-angle-down\"><\/i><\/button><span>D\u1ecbch v\u1ee5 H\u1ed7 tr\u1ee3<\/span><\/a><div id=\"accordion-1552518705-content\" class=\"accordion-inner\" aria-labelledby=\"accordion-1552518705-label\">\n<ul>\n<li>Ch\u00fang t\u00f4i KH\u00d4NG h\u1ed7 tr\u1ee3 k\u1ef9 thu\u1eadt cho Kh\u00e1ch h\u00e0ng c\u1ee7a b\u1ea1n.<\/li>\n<li>Ch\u00fang t\u00f4i ch\u1ec9 h\u1ed7 tr\u1ee3 b\u1ea1n s\u1eed d\u1ee5ng m\u00e1y ch\u1ee7, kh\u00f4ng h\u1ed7 tr\u1ee3 s\u1eed d\u1ee5ng c\u00e1c \u1ee9ng d\u1ee5ng hay ph\u1ea7n m\u1ec1m b\u1ea1n \u0111ang s\u1eed d\u1ee5ng tr\u00ean m\u00e1y ch\u1ee7.\u00a0<\/li>\n<\/ul>\n<\/div><\/div>\n<div id=\"accordion-735804008\" class=\"accordion-item\"><a id=\"accordion-735804008-label\" href=\"#\" class=\"accordion-title plain\" aria-expanded=\"false\" aria-controls=\"accordion-735804008-content\"><button class=\"toggle\" aria-label=\"Toggle\"><i class=\"icon-angle-down\"><\/i><\/button><span>Ch\u00ednh s\u00e1ch Ho\u00e0n ti\u1ec1n<\/span><\/a><div id=\"accordion-735804008-content\" class=\"accordion-inner\" aria-labelledby=\"accordion-735804008-label\">\n<p>Hi\u1ec7n t\u1ea1i, ch\u00fang t\u00f4i kh\u00f4ng c\u00f3 ch\u00ednh s\u00e1ch ho\u00e0n ti\u1ec1n cho b\u1ea5t k\u1ef3 tr\u01b0\u1eddng h\u1ee3p n\u00e0o. N\u1ebfu proxy ho\u1eb7c m\u00e1y ch\u1ee7 b\u1ecb l\u1ed7i trong th\u1eddi gian thu\u00ea, ch\u00fang t\u00f4i s\u1ebd thay th\u1ebf ho\u1eb7c kh\u1eafc ph\u1ee5c s\u1ef1 c\u1ed1 trong th\u1eddi gian s\u1edbm nh\u1ea5t.<\/p>\n<\/div><\/div>\n<\/div>\n<p>Tr\u00e2n tr\u1ecdng c\u1ea3m \u01a1n Qu\u00fd kh\u00e1ch \u0111\u00e3 v\u00e0 \u0111ang s\u1eed d\u1ee5ng d\u1ecbch v\u1ee5<\/p>\n<p>M\u1ecdi th\u00f4ng tin chi ti\u1ebft xin li\u00ean h\u1ec7 ch\u00fang t\u00f4i t\u1ea1i <a href=\"https:\/\/proxygeo.com\/Contact\" target=\"_blank\" rel=\"noopener\">proxygeo.com<\/a><\/p>\n","protected":false},"excerpt":{"rendered":"<p>\u0110I\u1ec0U KHO\u1ea2N S\u1eec D\u1ee4NG &#8211; PROXYGEO Ch\u00e0o m\u1eebng \u0111\u1ebfn v\u1edbi \u0111i\u1ec1u kho\u1ea3n d\u1ecbch v\u1ee5 c\u1ee7a proxygeo. Ch\u00fang t\u00f4i c\u00f3 quy\u1ec1n s\u1eeda \u0111\u1ed5i c\u00e1c \u0111i\u1ec1u kho\u1ea3n d\u1ecbch v\u1ee5 n\u00e0y m\u00e0 kh\u00f4ng c\u1ea7n th\u00f4ng b\u00e1o tr\u01b0\u1edbc. Vui l\u00f2ng xem c\u00e1c \u0111i\u1ec1u kho\u1ea3n \u0111\u01b0\u1ee3c c\u1eadp nh\u1eadt m\u1edbi nh\u1ea5t \u1edf cu\u1ed1i trang ch\u1ee7 v\u00e0 \u0111\u1ecdc k\u1ef9 \u0110i\u1ec1u kho\u1ea3n s\u1eed [&#8230;]\n","protected":false},"author":4,"featured_media":0,"parent":0,"menu_order":0,"comment_status":"closed","ping_status":"closed","template":"","meta":{"footnotes":""},"class_list":["post-1056","page","type-page","status-publish","hentry"],"yoast_head":"<!-- This site is optimized with the Yoast SEO plugin v26.7 - https:\/\/yoast.com\/wordpress\/plugins\/seo\/ -->\n<title>\u0110i\u1ec1u kho\u1ea3n s\u1eed d\u1ee5ng - ProxyGEO<\/title>\n<meta name=\"description\" content=\"\u0110i\u1ec1u kho\u1ea3n s\u1eed d\u1ee5ng - B\u1eb1ng vi\u1ec7c \u0111\u1eb7t \u0111\u01a1n h\u00e0ng t\u1ea1i proxygeo, kh\u00e1ch h\u00e0ng \u0111\u1ed3ng \u00fd v\u1edbi c\u00e1c \u0111i\u1ec1u kho\u1ea3n s\u1eed d\u1ee5ng b\u00ean d\u01b0\u1edbi\" \/>\n<meta name=\"robots\" content=\"index, follow, max-snippet:-1, max-image-preview:large, max-video-preview:-1\" \/>\n<link rel=\"canonical\" href=\"https:\/\/proxygeo.com\/blog\/vi\/dieu-khoan-su-dung\/\" \/>\n<meta property=\"og:locale\" content=\"en_US\" \/>\n<meta property=\"og:type\" content=\"article\" \/>\n<meta property=\"og:title\" content=\"\u0110i\u1ec1u kho\u1ea3n s\u1eed d\u1ee5ng - ProxyGEO\" \/>\n<meta property=\"og:description\" content=\"\u0110i\u1ec1u kho\u1ea3n s\u1eed d\u1ee5ng - B\u1eb1ng vi\u1ec7c \u0111\u1eb7t \u0111\u01a1n h\u00e0ng t\u1ea1i proxygeo, kh\u00e1ch h\u00e0ng \u0111\u1ed3ng \u00fd v\u1edbi c\u00e1c \u0111i\u1ec1u kho\u1ea3n s\u1eed d\u1ee5ng b\u00ean d\u01b0\u1edbi\" \/>\n<meta property=\"og:url\" content=\"https:\/\/proxygeo.com\/blog\/vi\/dieu-khoan-su-dung\/\" \/>\n<meta property=\"og:site_name\" content=\"ProxyGEO\" \/>\n<meta property=\"article:modified_time\" content=\"2023-11-08T08:50:14+00:00\" \/>\n<meta name=\"twitter:card\" content=\"summary_large_image\" \/>\n<meta name=\"twitter:label1\" content=\"Est. reading time\" \/>\n\t<meta name=\"twitter:data1\" content=\"5 minutes\" \/>\n<script type=\"application\/ld+json\" class=\"yoast-schema-graph\">{\"@context\":\"https:\/\/schema.org\",\"@graph\":[{\"@type\":\"WebPage\",\"@id\":\"https:\/\/proxygeo.com\/blog\/vi\/dieu-khoan-su-dung\/\",\"url\":\"https:\/\/proxygeo.com\/blog\/vi\/dieu-khoan-su-dung\/\",\"name\":\"\u0110i\u1ec1u kho\u1ea3n s\u1eed d\u1ee5ng - ProxyGEO\",\"isPartOf\":{\"@id\":\"https:\/\/proxygeo.com\/blog\/#website\"},\"datePublished\":\"2023-06-05T01:17:00+00:00\",\"dateModified\":\"2023-11-08T08:50:14+00:00\",\"description\":\"\u0110i\u1ec1u kho\u1ea3n s\u1eed d\u1ee5ng - B\u1eb1ng vi\u1ec7c \u0111\u1eb7t \u0111\u01a1n h\u00e0ng t\u1ea1i proxygeo, kh\u00e1ch h\u00e0ng \u0111\u1ed3ng \u00fd v\u1edbi c\u00e1c \u0111i\u1ec1u kho\u1ea3n s\u1eed d\u1ee5ng b\u00ean d\u01b0\u1edbi\",\"breadcrumb\":{\"@id\":\"https:\/\/proxygeo.com\/blog\/vi\/dieu-khoan-su-dung\/#breadcrumb\"},\"inLanguage\":\"en-US\",\"potentialAction\":[{\"@type\":\"ReadAction\",\"target\":[\"https:\/\/proxygeo.com\/blog\/vi\/dieu-khoan-su-dung\/\"]}]},{\"@type\":\"BreadcrumbList\",\"@id\":\"https:\/\/proxygeo.com\/blog\/vi\/dieu-khoan-su-dung\/#breadcrumb\",\"itemListElement\":[{\"@type\":\"ListItem\",\"position\":1,\"name\":\"Blog\",\"item\":\"https:\/\/proxygeo.com\/blog\/\"},{\"@type\":\"ListItem\",\"position\":2,\"name\":\"\u0110i\u1ec1u kho\u1ea3n s\u1eed d\u1ee5ng\"}]},{\"@type\":\"WebSite\",\"@id\":\"https:\/\/proxygeo.com\/blog\/#website\",\"url\":\"https:\/\/proxygeo.com\/blog\/\",\"name\":\"ProxyGEO\",\"description\":\"\",\"potentialAction\":[{\"@type\":\"SearchAction\",\"target\":{\"@type\":\"EntryPoint\",\"urlTemplate\":\"https:\/\/proxygeo.com\/blog\/?s={search_term_string}\"},\"query-input\":{\"@type\":\"PropertyValueSpecification\",\"valueRequired\":true,\"valueName\":\"search_term_string\"}}],\"inLanguage\":\"en-US\"}]}<\/script>\n<!-- \/ Yoast SEO plugin. -->","yoast_head_json":{"title":"\u0110i\u1ec1u kho\u1ea3n s\u1eed d\u1ee5ng - ProxyGEO","description":"\u0110i\u1ec1u kho\u1ea3n s\u1eed d\u1ee5ng - B\u1eb1ng vi\u1ec7c \u0111\u1eb7t \u0111\u01a1n h\u00e0ng t\u1ea1i proxygeo, kh\u00e1ch h\u00e0ng \u0111\u1ed3ng \u00fd v\u1edbi c\u00e1c \u0111i\u1ec1u kho\u1ea3n s\u1eed d\u1ee5ng b\u00ean d\u01b0\u1edbi","robots":{"index":"index","follow":"follow","max-snippet":"max-snippet:-1","max-image-preview":"max-image-preview:large","max-video-preview":"max-video-preview:-1"},"canonical":"https:\/\/proxygeo.com\/blog\/vi\/dieu-khoan-su-dung\/","og_locale":"en_US","og_type":"article","og_title":"\u0110i\u1ec1u kho\u1ea3n s\u1eed d\u1ee5ng - ProxyGEO","og_description":"\u0110i\u1ec1u kho\u1ea3n s\u1eed d\u1ee5ng - B\u1eb1ng vi\u1ec7c \u0111\u1eb7t \u0111\u01a1n h\u00e0ng t\u1ea1i proxygeo, kh\u00e1ch h\u00e0ng \u0111\u1ed3ng \u00fd v\u1edbi c\u00e1c \u0111i\u1ec1u kho\u1ea3n s\u1eed d\u1ee5ng b\u00ean d\u01b0\u1edbi","og_url":"https:\/\/proxygeo.com\/blog\/vi\/dieu-khoan-su-dung\/","og_site_name":"ProxyGEO","article_modified_time":"2023-11-08T08:50:14+00:00","twitter_card":"summary_large_image","twitter_misc":{"Est. reading time":"5 minutes"},"schema":{"@context":"https:\/\/schema.org","@graph":[{"@type":"WebPage","@id":"https:\/\/proxygeo.com\/blog\/vi\/dieu-khoan-su-dung\/","url":"https:\/\/proxygeo.com\/blog\/vi\/dieu-khoan-su-dung\/","name":"\u0110i\u1ec1u kho\u1ea3n s\u1eed d\u1ee5ng - ProxyGEO","isPartOf":{"@id":"https:\/\/proxygeo.com\/blog\/#website"},"datePublished":"2023-06-05T01:17:00+00:00","dateModified":"2023-11-08T08:50:14+00:00","description":"\u0110i\u1ec1u kho\u1ea3n s\u1eed d\u1ee5ng - B\u1eb1ng vi\u1ec7c \u0111\u1eb7t \u0111\u01a1n h\u00e0ng t\u1ea1i proxygeo, kh\u00e1ch h\u00e0ng \u0111\u1ed3ng \u00fd v\u1edbi c\u00e1c \u0111i\u1ec1u kho\u1ea3n s\u1eed d\u1ee5ng b\u00ean d\u01b0\u1edbi","breadcrumb":{"@id":"https:\/\/proxygeo.com\/blog\/vi\/dieu-khoan-su-dung\/#breadcrumb"},"inLanguage":"en-US","potentialAction":[{"@type":"ReadAction","target":["https:\/\/proxygeo.com\/blog\/vi\/dieu-khoan-su-dung\/"]}]},{"@type":"BreadcrumbList","@id":"https:\/\/proxygeo.com\/blog\/vi\/dieu-khoan-su-dung\/#breadcrumb","itemListElement":[{"@type":"ListItem","position":1,"name":"Blog","item":"https:\/\/proxygeo.com\/blog\/"},{"@type":"ListItem","position":2,"name":"\u0110i\u1ec1u kho\u1ea3n s\u1eed d\u1ee5ng"}]},{"@type":"WebSite","@id":"https:\/\/proxygeo.com\/blog\/#website","url":"https:\/\/proxygeo.com\/blog\/","name":"ProxyGEO","description":"","potentialAction":[{"@type":"SearchAction","target":{"@type":"EntryPoint","urlTemplate":"https:\/\/proxygeo.com\/blog\/?s={search_term_string}"},"query-input":{"@type":"PropertyValueSpecification","valueRequired":true,"valueName":"search_term_string"}}],"inLanguage":"en-US"}]}},"_links":{"self":[{"href":"https:\/\/proxygeo.com\/blog\/wp-json\/wp\/v2\/pages\/1056","targetHints":{"allow":["GET"]}}],"collection":[{"href":"https:\/\/proxygeo.com\/blog\/wp-json\/wp\/v2\/pages"}],"about":[{"href":"https:\/\/proxygeo.com\/blog\/wp-json\/wp\/v2\/types\/page"}],"author":[{"embeddable":true,"href":"https:\/\/proxygeo.com\/blog\/wp-json\/wp\/v2\/users\/4"}],"replies":[{"embeddable":true,"href":"https:\/\/proxygeo.com\/blog\/wp-json\/wp\/v2\/comments?post=1056"}],"version-history":[{"count":34,"href":"https:\/\/proxygeo.com\/blog\/wp-json\/wp\/v2\/pages\/1056\/revisions"}],"predecessor-version":[{"id":1490,"href":"https:\/\/proxygeo.com\/blog\/wp-json\/wp\/v2\/pages\/1056\/revisions\/1490"}],"wp:attachment":[{"href":"https:\/\/proxygeo.com\/blog\/wp-json\/wp\/v2\/media?parent=1056"}],"curies":[{"name":"wp","href":"https:\/\/api.w.org\/{rel}","templated":true}]}}